{"id":447,"date":"2022-01-07T11:27:46","date_gmt":"2022-01-07T09:27:46","guid":{"rendered":"https:\/\/www.tatkelataksi.net\/keski-ja-pohjois-pohjanmaa\/"},"modified":"2025-12-16T16:24:28","modified_gmt":"2025-12-16T14:24:28","slug":"mellersta-och-norra-osterbotten","status":"publish","type":"page","link":"https:\/\/www.tatkelataksi.net\/sv\/mellersta-och-norra-osterbotten\/","title":{"rendered":"Mellersta och Norra \u00d6sterbotten"},"content":{"rendered":"<h2>Hur och p\u00e5 vilket nummer best\u00e4ller jag FPA-taxi i Mellersta och Norra \u00d6sterbotten?<\/h2>\n<p class=\"lead\">Best\u00e4llningsnumret f\u00f6r FPA-taxi i Mellersta och Norra \u00d6sterbotten \u00e4r <strong><a href=\"tel:+358800415730\">0800\u00a041\u00a05730<\/a><\/strong>. Textmeddelandenumret f\u00f6r h\u00f6rsel- och talskadade \u00e4r 18148.<\/p>\n<div class=\"boxed\" style=\"margin-top: 50px;\">\n<p><small><strong>Mellersta \u00d6sterbotten:<\/strong> Halso, Kannus, Karleby, Kaustby, Lestij\u00e4rvi, Perho, Toholampi och Vetil<\/small><\/p>\n<\/div>\n<div class=\"boxed\"><small><strong>Norra \u00d6sterbotten:<\/strong> Alavieska, Brahestad, Haapaj\u00e4rvi, Haapavesi, Ijo, Kalajoki, Karl\u00f6, Kempele, Kuusamo, K\u00e4rs\u00e4m\u00e4ki, Limingo, Lumijoki, Merij\u00e4rvi, Muhos, Nivala, Oulainen, Pudasj\u00e4rvi Pyh\u00e4joki, Pyh\u00e4j\u00e4rvi, Pyh\u00e4nt\u00e4, Reisj\u00e4rvi, Sievi, Siikajoki, Siikalatva, Taivalkoski, Tyrn\u00e4v\u00e4, Ule\u00e5borg, Utaj\u00e4rvi, Vaala och Ylivieska<\/small><\/div>\n<div class=\"embed-responsive embed-responsive-16by9 cookieconsent-optin-marketing\"><div class=\"iframe-container\"><iframe class=\"embed-responsive-item\" frameborder=\"0\" allowfullscreen=\"allowfullscreen\" data-cookieblock-src=\"https:\/\/www.youtube.com\/embed\/OKu3EMrrJ7I\" data-cookieconsent=\"marketing\"><\/iframe><\/div><\/div>\n","protected":false},"excerpt":{"rendered":"<p>Hur och p\u00e5 vilket nummer best\u00e4ller jag FPA-taxi i Mellersta och Norra \u00d6sterbotten? Best\u00e4llningsnumret f\u00f6r FPA-taxi i Mellersta och Norra \u00d6sterbotten \u00e4r 0800\u00a041\u00a05730. Textmeddelandenumret f\u00f6r h\u00f6rsel- och talskadade \u00e4r 18148. Mellersta \u00d6sterbotten: Halso, Kannus, Karleby, Kaustby, Lestij\u00e4rvi, Perho, Toholampi och Vetil Norra \u00d6sterbotten: Alavieska, Brahestad, Haapaj\u00e4rvi, Haapavesi, Ijo, Kalajoki, Karl\u00f6, Kempele, Kuusamo, K\u00e4rs\u00e4m\u00e4ki, Limingo, Lumijoki, [&hellip;]<\/p>\n","protected":false},"author":10,"featured_media":1375,"parent":0,"menu_order":7,"comment_status":"closed","ping_status":"closed","template":"","meta":{"_acf_changed":false,"inline_featured_image":false,"footnotes":""},"class_list":["post-447","page","type-page","status-publish","has-post-thumbnail","hentry"],"acf":[],"_links":{"self":[{"href":"https:\/\/www.tatkelataksi.net\/sv\/wp-json\/wp\/v2\/pages\/447","targetHints":{"allow":["GET"]}}],"collection":[{"href":"https:\/\/www.tatkelataksi.net\/sv\/wp-json\/wp\/v2\/pages"}],"about":[{"href":"https:\/\/www.tatkelataksi.net\/sv\/wp-json\/wp\/v2\/types\/page"}],"author":[{"embeddable":true,"href":"https:\/\/www.tatkelataksi.net\/sv\/wp-json\/wp\/v2\/users\/10"}],"replies":[{"embeddable":true,"href":"https:\/\/www.tatkelataksi.net\/sv\/wp-json\/wp\/v2\/comments?post=447"}],"version-history":[{"count":8,"href":"https:\/\/www.tatkelataksi.net\/sv\/wp-json\/wp\/v2\/pages\/447\/revisions"}],"predecessor-version":[{"id":1417,"href":"https:\/\/www.tatkelataksi.net\/sv\/wp-json\/wp\/v2\/pages\/447\/revisions\/1417"}],"wp:featuredmedia":[{"embeddable":true,"href":"https:\/\/www.tatkelataksi.net\/sv\/wp-json\/wp\/v2\/media\/1375"}],"wp:attachment":[{"href":"https:\/\/www.tatkelataksi.net\/sv\/wp-json\/wp\/v2\/media?parent=447"}],"curies":[{"name":"wp","href":"https:\/\/api.w.org\/{rel}","templated":true}]}}